{"id":851,"date":"2024-12-17T17:00:32","date_gmt":"2024-12-17T17:00:32","guid":{"rendered":"https:\/\/equilibrat.net\/?page_id=851"},"modified":"2026-02-26T13:40:04","modified_gmt":"2026-02-26T13:40:04","slug":"methode-niromathe","status":"publish","type":"page","link":"https:\/\/equilibrat.net\/es\/methode-niromathe\/","title":{"rendered":"M\u00e9thode Niromath\u00e9"},"content":{"rendered":"<div data-elementor-type=\"wp-page\" data-elementor-id=\"851\" class=\"elementor elementor-851\">\n\t\t\t\t<div class=\"elementor-element elementor-element-007836a e-flex e-con-boxed e-con e-parent\" data-id=\"007836a\" data-element_type=\"container\" data-e-type=\"container\">\n\t\t\t\t\t<div class=\"e-con-inner\">\n\t\t\t\t<div class=\"elementor-element elementor-element-a0cc51b elementor-widget elementor-widget-text-editor\" data-id=\"a0cc51b\" data-element_type=\"widget\" data-e-type=\"widget\" data-widget_type=\"text-editor.default\">\n\t\t\t\t<div class=\"elementor-widget-container\">\n\t\t\t\t\t\t\t\t\t<h2>&#8220;La Vibraci\u00f3 que cura&#8221;<\/h2>\t\t\t\t\t\t\t\t<\/div>\n\t\t\t\t<\/div>\n\t\t\t\t<div class=\"elementor-element elementor-element-e024866 elementor-widget elementor-widget-image\" data-id=\"e024866\" data-element_type=\"widget\" data-e-type=\"widget\" data-widget_type=\"image.default\">\n\t\t\t\t<div class=\"elementor-widget-container\">\n\t\t\t\t\t\t\t\t\t\t\t\t\t\t\t<img fetchpriority=\"high\" decoding=\"async\" width=\"355\" height=\"221\" src=\"https:\/\/equilibrat.net\/wp-content\/uploads\/2024\/12\/niro-egipte-1.png\" class=\"attachment-large size-large wp-image-875\" alt=\"R\u00e0pida reducci\u00f3 dels espasmes. Reequilibraci\u00f3 del Sistema Nervi\u00f3s, Reducci\u00f3 de l&#039;ansietat. Insomni.\" srcset=\"https:\/\/equilibrat.net\/wp-content\/uploads\/2024\/12\/niro-egipte-1.png 355w, https:\/\/equilibrat.net\/wp-content\/uploads\/2024\/12\/niro-egipte-1-300x187.png 300w\" sizes=\"(max-width: 355px) 100vw, 355px\" \/>\t\t\t\t\t\t\t\t\t\t\t\t\t\t\t<\/div>\n\t\t\t\t<\/div>\n\t\t\t\t\t<\/div>\n\t\t\t\t<\/div>\n\t\t<div class=\"elementor-element elementor-element-ac5869c e-con-full e-flex e-con e-parent\" data-id=\"ac5869c\" data-element_type=\"container\" data-e-type=\"container\">\n\t\t\t\t<div class=\"elementor-element elementor-element-ca810d0 elementor-widget elementor-widget-text-editor\" data-id=\"ca810d0\" data-element_type=\"widget\" data-e-type=\"widget\" data-widget_type=\"text-editor.default\">\n\t\t\t\t<div class=\"elementor-widget-container\">\n\t\t\t\t\t\t\t\t\t<p><span style=\"background-color: transparent; color: #000000; font-family: Calibri, sans-serif; font-size: 11pt; white-space-collapse: preserve; font-weight: var( --e-global-typography-text-font-weight ); text-align: var(--text-align);\">Seg\u00fan el Dr. Branly, creador del m\u00e9todo Niromath\u00e9,  cu\u00e1ndo el cuerpo recibe una informaci\u00f3n de forma brusca, para la cual no estaba preparado (un mal gesto, un accidente, una mala not\u00edcia...), se produce un espasmo reflejo (contracci\u00f3n violenta y repentina de un m\u00fasculo) que puede inducir a un bloqueo articular, ligamentoso, tendinoso o miofascial.<\/span><\/p><p dir=\"ltr\" style=\"line-height: 1.2; margin-top: 0pt; margin-bottom: 10pt;\"><span style=\"font-size: 11pt; font-family: Calibri, sans-serif; color: #000000; background-color: transparent; font-variant-numeric: normal; font-variant-east-asian: normal; font-variant-alternates: normal; font-variant-position: normal; vertical-align: baseline; white-space-collapse: preserve;\">Mientras el organismo no sea capaz de eliminar este espasmo, la lesi\u00f3n se mantendr\u00e1. El cuerpo tendr\u00e1 que modificar su biomec\u00e1nica en funci\u00f3n de esta zona de bloqueo, lo que puede provocar s\u00edntomas locales perro tambi\u00e9n en otras zonas del cuerpo.<\/span><\/p><p dir=\"ltr\" style=\"line-height: 1.2; margin-top: 0pt; margin-bottom: 10pt;\"><span style=\"font-size: 11pt; font-family: Calibri, sans-serif; color: #000000; background-color: transparent; font-variant-numeric: normal; font-variant-east-asian: normal; font-variant-alternates: normal; font-variant-position: normal; vertical-align: baseline; white-space-collapse: preserve;\">El gesto vibratorio Niromath\u00e9, da una informaci\u00f3n directa al Sistema Nervioso Central, que produce la relajaci\u00f3n instant\u00e1nea de este espasmo. La inflamaci\u00f3n de los tejidos, que muy a menudo acompa\u00f1a el espasmo, desaparecer\u00e1 en los d\u00edas siguientes al tratamiento.<\/span><\/p><div><span style=\"font-size: 11pt; font-family: Calibri, sans-serif; color: #000000; background-color: transparent; font-variant-numeric: normal; font-variant-east-asian: normal; font-variant-alternates: normal; font-variant-position: normal; vertical-align: baseline; white-space-collapse: preserve;\">\u00a0<\/span><\/div>\t\t\t\t\t\t\t\t<\/div>\n\t\t\t\t<\/div>\n\t\t\t\t<\/div>\n\t\t<div class=\"elementor-element elementor-element-1cf45af e-flex e-con-boxed e-con e-parent\" data-id=\"1cf45af\" data-element_type=\"container\" data-e-type=\"container\">\n\t\t\t\t\t<div class=\"e-con-inner\">\n\t\t\t\t<div class=\"elementor-element elementor-element-79b6cee elementor-widget elementor-widget-video\" data-id=\"79b6cee\" data-element_type=\"widget\" data-e-type=\"widget\" data-settings=\"{&quot;youtube_url&quot;:&quot;https:\\\/\\\/www.youtube.com\\\/watch?v=Vf8EAa6nSbM&quot;,&quot;video_type&quot;:&quot;youtube&quot;,&quot;controls&quot;:&quot;yes&quot;}\" data-widget_type=\"video.default\">\n\t\t\t\t<div class=\"elementor-widget-container\">\n\t\t\t\t\t\t\t<div class=\"elementor-wrapper elementor-open-inline\">\n\t\t\t<div class=\"elementor-video\"><\/div>\t\t<\/div>\n\t\t\t\t\t\t<\/div>\n\t\t\t\t<\/div>\n\t\t\t\t\t<\/div>\n\t\t\t\t<\/div>\n\t\t<div class=\"elementor-element elementor-element-13507e4 e-flex e-con-boxed e-con e-parent\" data-id=\"13507e4\" data-element_type=\"container\" data-e-type=\"container\">\n\t\t\t\t\t<div class=\"e-con-inner\">\n\t\t\t\t<div class=\"elementor-element elementor-element-f6b0ff7 elementor-widget elementor-widget-text-editor\" data-id=\"f6b0ff7\" data-element_type=\"widget\" data-e-type=\"widget\" data-widget_type=\"text-editor.default\">\n\t\t\t\t<div class=\"elementor-widget-container\">\n\t\t\t\t\t\t\t\t\t<p><a style=\"font-weight: var( --e-global-typography-text-font-weight ); text-align: var(--text-align); color: #1155cc; font-family: Arial, Helvetica, sans-serif; font-size: small; background-color: #ffffff;\" href=\"https:\/\/www.facebook.com\/share\/v\/19dAzB4GE1\/\" target=\"_blank\" rel=\"noopener\" data-saferedirecturl=\"https:\/\/www.google.com\/url?q=https:\/\/www.facebook.com\/share\/v\/19dAzB4GE1\/&amp;source=gmail&amp;ust=1736411946293000&amp;usg=AOvVaw3FJ2cgQsFhY8d1FYCuTLTi\">https:\/\/www.facebook.com\/<wbr \/>share\/v\/19dAzB4GE1\/<\/a><\/p>\t\t\t\t\t\t\t\t<\/div>\n\t\t\t\t<\/div>\n\t\t\t\t\t<\/div>\n\t\t\t\t<\/div>\n\t\t\t\t<\/div>","protected":false},"excerpt":{"rendered":"<p>&#8220;La Vibraci\u00f3 que cura&#8221; Segons el Dr. Branly, creador del M\u00e8tode Niromath\u00e9, quan el cos rep una informaci\u00f3 de forma brusca\u00a0 per a la qual no estava preparat (un mal gest, un accident, una mala not\u00edcia\u2026), es produeix un espasme reflex (contracci\u00f3 violenta i repentina d\u2019un m\u00fascul) que pot induir\u00a0 a un bloqueig articular, lligament\u00f3s, [&hellip;]<\/p>","protected":false},"author":1,"featured_media":0,"parent":0,"menu_order":5,"comment_status":"closed","ping_status":"closed","template":"","meta":{"_uag_custom_page_level_css":"","footnotes":""},"class_list":["post-851","page","type-page","status-publish","hentry"],"uagb_featured_image_src":{"full":false,"thumbnail":false,"medium":false,"medium_large":false,"large":false,"1536x1536":false,"2048x2048":false,"trp-custom-language-flag":false},"uagb_author_info":{"display_name":"annatorra75@yahoo.es","author_link":"https:\/\/equilibrat.net\/es\/author\/annatorra75yahoo-es\/"},"uagb_comment_info":0,"uagb_excerpt":"&#8220;La Vibraci\u00f3 que cura&#8221; Segons el Dr. Branly, creador del M\u00e8tode Niromath\u00e9, quan el cos rep una informaci\u00f3 de forma brusca\u00a0 per a la qual no estava preparat (un mal gest, un accident, una mala not\u00edcia\u2026), es produeix un espasme reflex (contracci\u00f3 violenta i repentina d\u2019un m\u00fascul) que pot induir\u00a0 a un bloqueig articular, lligament\u00f3s,&hellip;","_links":{"self":[{"href":"https:\/\/equilibrat.net\/es\/wp-json\/wp\/v2\/pages\/851","targetHints":{"allow":["GET"]}}],"collection":[{"href":"https:\/\/equilibrat.net\/es\/wp-json\/wp\/v2\/pages"}],"about":[{"href":"https:\/\/equilibrat.net\/es\/wp-json\/wp\/v2\/types\/page"}],"author":[{"embeddable":true,"href":"https:\/\/equilibrat.net\/es\/wp-json\/wp\/v2\/users\/1"}],"replies":[{"embeddable":true,"href":"https:\/\/equilibrat.net\/es\/wp-json\/wp\/v2\/comments?post=851"}],"version-history":[{"count":20,"href":"https:\/\/equilibrat.net\/es\/wp-json\/wp\/v2\/pages\/851\/revisions"}],"predecessor-version":[{"id":1232,"href":"https:\/\/equilibrat.net\/es\/wp-json\/wp\/v2\/pages\/851\/revisions\/1232"}],"wp:attachment":[{"href":"https:\/\/equilibrat.net\/es\/wp-json\/wp\/v2\/media?parent=851"}],"curies":[{"name":"wp","href":"https:\/\/api.w.org\/{rel}","templated":true}]}}