{"id":139,"date":"2024-12-08T15:30:43","date_gmt":"2024-12-08T15:30:43","guid":{"rendered":"http:\/\/equilibrat.net\/about-us\/"},"modified":"2026-01-06T15:53:08","modified_gmt":"2026-01-06T15:53:08","slug":"about-us","status":"publish","type":"page","link":"https:\/\/equilibrat.net\/es\/about-us\/","title":{"rendered":"\u00bfQui\u00e9n soy?"},"content":{"rendered":"<div data-elementor-type=\"wp-page\" data-elementor-id=\"139\" class=\"elementor elementor-139\">\n\t\t\t\t<div class=\"elementor-element elementor-element-cbdf3e8 e-flex e-con-boxed e-con e-parent\" data-id=\"cbdf3e8\" data-element_type=\"container\" data-e-type=\"container\">\n\t\t\t\t\t<div class=\"e-con-inner\">\n\t\t\t\t<div class=\"elementor-element elementor-element-f3622d4 elementor-widget elementor-widget-image\" data-id=\"f3622d4\" data-element_type=\"widget\" data-e-type=\"widget\" data-widget_type=\"image.default\">\n\t\t\t\t<div class=\"elementor-widget-container\">\n\t\t\t\t\t\t\t\t\t\t\t\t\t\t\t<img fetchpriority=\"high\" decoding=\"async\" width=\"1024\" height=\"957\" src=\"https:\/\/equilibrat.net\/wp-content\/uploads\/2026\/01\/foto-Anna-PRO-1-1024x957.jpg\" class=\"attachment-large size-large wp-image-1134\" alt=\"\" srcset=\"https:\/\/equilibrat.net\/wp-content\/uploads\/2026\/01\/foto-Anna-PRO-1-1024x957.jpg 1024w, https:\/\/equilibrat.net\/wp-content\/uploads\/2026\/01\/foto-Anna-PRO-1-300x280.jpg 300w, https:\/\/equilibrat.net\/wp-content\/uploads\/2026\/01\/foto-Anna-PRO-1-768x718.jpg 768w, https:\/\/equilibrat.net\/wp-content\/uploads\/2026\/01\/foto-Anna-PRO-1-1536x1436.jpg 1536w, https:\/\/equilibrat.net\/wp-content\/uploads\/2026\/01\/foto-Anna-PRO-1-2048x1915.jpg 2048w, https:\/\/equilibrat.net\/wp-content\/uploads\/2026\/01\/foto-Anna-PRO-1-13x12.jpg 13w\" sizes=\"(max-width: 1024px) 100vw, 1024px\" \/>\t\t\t\t\t\t\t\t\t\t\t\t\t\t\t<\/div>\n\t\t\t\t<\/div>\n\t\t\t\t\t<\/div>\n\t\t\t\t<\/div>\n\t\t<div class=\"elementor-element elementor-element-fc2e1db e-flex e-con-boxed e-con e-parent\" data-id=\"fc2e1db\" data-element_type=\"container\" data-e-type=\"container\">\n\t\t\t\t\t<div class=\"e-con-inner\">\n\t\t\t\t<div class=\"elementor-element elementor-element-f67236d elementor-widget elementor-widget-text-editor\" data-id=\"f67236d\" data-element_type=\"widget\" data-e-type=\"widget\" data-widget_type=\"text-editor.default\">\n\t\t\t\t<div class=\"elementor-widget-container\">\n\t\t\t\t\t\t\t\t\t<p><span style=\"color: #111111; font-family: Cardo; font-size: 40px;\">\u00a0ANNA TORRA<\/span><\/p>\n<div>\n<div>\u00a0<span style=\"color: #111111; font-family: Cardo; font-size: 40px;\">Fisioterapeuta col. 2366 i\u00a0 Oste\u00f2pata D.O.<\/span><\/div>\n<\/div>\n<p><!-- \/wp:uagb\/advanced-heading --><!-- wp:paragraph --><\/p>\n<p><!-- \/wp:paragraph --><!-- wp:paragraph {\"className\":\"is-style-default\",\"style\":{\"elements\":{\"link\":{\"color\":{\"text\":\"var:preset|color|contrast\"}}}},\"textColor\":\"contrast\"} --><\/p>\n<p><strong>Sobre mi trayectoria<\/strong><\/p>\n<p>Apasionada por la conquista del bienestar corporal, mi vida profesional se ha enfocado siempre en esta direcci\u00f3n.<br \/>Mi formaci\u00f3n acad\u00e9mica ha sido seria y reglada: Primero con los estudios de fisioterapia en la E.U. Gimbernat, que me dieron las bases s\u00f3lidas para entrar en el mundo de la salud, y despu\u00e9s con los 6 a\u00f1os de estudio de la osteopat\u00eda en la escuela ECO de Barcelona, que me permitieron entender la globalidad del cuerpo.<br \/>Desde entonces, no he dejado nunca de formarme, y creo que lo seguir\u00e9 haciendo toda mi vida. Mi deseo es seguir aprendiendo para poder aportar el m\u00e1ximo beneficio a mis pacientes.<br \/>La vida mi ha hecho dar unas cuantas vueltas: La \u00faltima me trae a Barcelona despu\u00e9s de once a\u00f1os trabajando en Francia como fisioterapeuta  en el hospital Edouard Herriot de Lyon, y como oste\u00f3pata en consulta privada.<br \/>Estos a\u00f1os en el hospital me han permitido especializarme en el tratamiento de las lesiones de la extremidad superior, ya que he ejercido en un servicio de referencia a nivel internacional en este campo.<br \/>Tambi\u00e9n he trabajado en los campos de la fisioterapia respiratoria y de la reeducaci\u00f3n vestibular  (v\u00e9rtigos y mareos), y he adquirido una gran experiencia en los campos de la analgesia y la gesti\u00f3n del dolor.<\/p>\n<p>Si ho desitgeu, podeu accedir al meu CV a trav\u00e9s d\u2019aquest enlla\u00e7:<\/p>\n<p>https:\/\/www.linkedin.com\/in\/anna-torra-a115878b<\/p>\t\t\t\t\t\t\t\t<\/div>\n\t\t\t\t<\/div>\n\t\t\t\t\t<\/div>\n\t\t\t\t<\/div>\n\t\t\t\t<\/div>","protected":false},"excerpt":{"rendered":"<p>\u00a0ANNA TORRA \u00a0Fisioterapeuta col. 2366 i\u00a0 Oste\u00f2pata D.O. Sobre la meva traject\u00f2ria Apassionada per la conquesta del benestar corporal, la meva vida professional s\u2019ha enfocat sempre en aquesta direcci\u00f3.La meva formaci\u00f3 acad\u00e8mica ha estat seriosa i reglada: primer amb els estudis de fisioter\u00e0pia a l\u2019E.U.Gimbernat, que em van donar les bases s\u00f2lides per entrar en [&hellip;]<\/p>","protected":false},"author":1,"featured_media":0,"parent":0,"menu_order":3,"comment_status":"closed","ping_status":"closed","template":"","meta":{"_uag_custom_page_level_css":"","footnotes":""},"class_list":["post-139","page","type-page","status-publish","hentry"],"uagb_featured_image_src":{"full":false,"thumbnail":false,"medium":false,"medium_large":false,"large":false,"1536x1536":false,"2048x2048":false,"trp-custom-language-flag":false},"uagb_author_info":{"display_name":"annatorra75@yahoo.es","author_link":"https:\/\/equilibrat.net\/es\/author\/annatorra75yahoo-es\/"},"uagb_comment_info":0,"uagb_excerpt":"\u00a0ANNA TORRA \u00a0Fisioterapeuta col. 2366 i\u00a0 Oste\u00f2pata D.O. Sobre la meva traject\u00f2ria Apassionada per la conquesta del benestar corporal, la meva vida professional s\u2019ha enfocat sempre en aquesta direcci\u00f3.La meva formaci\u00f3 acad\u00e8mica ha estat seriosa i reglada: primer amb els estudis de fisioter\u00e0pia a l\u2019E.U.Gimbernat, que em van donar les bases s\u00f2lides per entrar en&hellip;","_links":{"self":[{"href":"https:\/\/equilibrat.net\/es\/wp-json\/wp\/v2\/pages\/139","targetHints":{"allow":["GET"]}}],"collection":[{"href":"https:\/\/equilibrat.net\/es\/wp-json\/wp\/v2\/pages"}],"about":[{"href":"https:\/\/equilibrat.net\/es\/wp-json\/wp\/v2\/types\/page"}],"author":[{"embeddable":true,"href":"https:\/\/equilibrat.net\/es\/wp-json\/wp\/v2\/users\/1"}],"replies":[{"embeddable":true,"href":"https:\/\/equilibrat.net\/es\/wp-json\/wp\/v2\/comments?post=139"}],"version-history":[{"count":45,"href":"https:\/\/equilibrat.net\/es\/wp-json\/wp\/v2\/pages\/139\/revisions"}],"predecessor-version":[{"id":1139,"href":"https:\/\/equilibrat.net\/es\/wp-json\/wp\/v2\/pages\/139\/revisions\/1139"}],"wp:attachment":[{"href":"https:\/\/equilibrat.net\/es\/wp-json\/wp\/v2\/media?parent=139"}],"curies":[{"name":"wp","href":"https:\/\/api.w.org\/{rel}","templated":true}]}}