{"id":137,"date":"2024-12-08T15:30:43","date_gmt":"2024-12-08T15:30:43","guid":{"rendered":"http:\/\/equilibrat.net\/services\/"},"modified":"2026-02-26T13:47:03","modified_gmt":"2026-02-26T13:47:03","slug":"services","status":"publish","type":"page","link":"https:\/\/equilibrat.net\/es\/services\/","title":{"rendered":"\u00bfQue es la osteopat\u00eda?"},"content":{"rendered":"<div class=\"wp-block-uagb-advanced-heading uagb-block-add9e7d1\"><h2 class=\"uagb-heading-text\"><strong>\u00bfEn qu\u00e9 consiste la Osteopat\u00eda?<\/strong><\/h2><\/div>\n\n\n\n<p>L&#8217; osteopatia \u00e9s una disciplina terapeutica&nbsp; global, natural i segura, que es basa en el <strong>contacto manual<\/strong>, tanto para el diagn\u00f3stico como para el tratamiento.&nbsp;<\/p>\n\n\n\n<p>A partir de l\u2019atenta&nbsp; observaci\u00f3 del pacient i de l&#8217;aplicaci\u00f3 de profunds coneixements d\u2019anatomia i biomec\u00e0nica, l\u2019 oste\u00f2pata busca retrobar el correcte funcionament de l\u2019individu, restablint la llibertat de moviment de totes les estructures, teixits i fluids del cos.<\/p>\n\n\n\n<p>De esta forma, el organismo reencontrar\u00e1 la correcta reequilibraci\u00f3n interna (homeostasis) y reactivar\u00e1 su capacidad de autocuraci\u00f3n.<\/p>\n\n\n\n<p>L&#8217; oste\u00f2pata posseeix una gran varietat de t\u00e8cniques manuals per assolir aquest objectiu, i les utilitzar\u00e0 de forma individualitzada i&nbsp;adaptada a cada pacient, tenint en compte les seves necessitats, la seva edat, la seva morfologia, etc.<\/p>\n\n\n\n<p>El tratamiento siempre es global y no fija su atenci\u00f3n solo en el s\u00edntoma, sino que busca la causa primaria del desequilibrio y el restablecimiento global del individuo.<\/p>\n\n\n\n<div class=\"wp-block-uagb-advanced-heading uagb-block-de123628\"><h2 class=\"uagb-heading-text\"><strong>\u00bfA qui\u00e9n se dirige?<\/strong><\/h2><\/div>\n\n\n\n<p>Por su versatilidad y capacidad de adaptaci\u00f3n a cada paciente, la osteopat\u00eda de dirige a todos, desde el beb\u00e9 reci\u00e9n nacido hasta a la persona de edad muy avanzada.<\/p>\n\n\n\n<div class=\"wp-block-uagb-advanced-heading uagb-block-2bd339a5\"><h2 class=\"uagb-heading-text\"><strong>\u00bfCu\u00e1ndo est\u00e1 indicada?<\/strong><\/h2><\/div>\n\n\n\n<p>A pesar de que la osteopat\u00eda es conocida sobretodo por el tratamiento de los dolores de espalda, tambi\u00e9n extremadamente eficaz en el tratamiento de muchas otras patolog\u00edas que pueden perturbar nuestro bienestar. A continuaci\u00f3n, detallamos algunas:<\/p>\n\n\n\n<div class=\"wp-block-uagb-advanced-heading uagb-block-daa26095\"><h3 class=\"uagb-heading-text\"><strong>Trastornos musculoesquel\u00e9ticos\u00a0<\/strong><\/h3><\/div>\n\n\n\n<p>Dolor a nivell de l\u2019esquena i de les extremitats, lumb\u00e0lgies, cervic\u00e0lgies, ci\u00e0tiques, cruralgies, contractures musculars, etc.<\/p>\n\n\n\n<div class=\"wp-block-uagb-advanced-heading uagb-block-cbe9ab51\"><h3 class=\"uagb-heading-text\"><strong>Trastornos digestivos:<\/strong><\/h3><\/div>\n\n\n\n<p>Restrenyiment, cremor d&#8217;est\u00f3mac, digestions pesades, colon irritable, etc.<\/p>\n\n\n\n<div class=\"wp-block-uagb-advanced-heading uagb-block-47f96339\"><h3 class=\"uagb-heading-text\"><strong>Trastornos Genito-Urinarios y del sol p\u00e9lvico:<\/strong><\/h3><\/div>\n\n\n\n<p>Dolors menstruals, dolors a les relacions, incontin\u00e8ncia urin\u00e0ria, esterilitat d\u2019origen mec\u00e0nic, etc., aix\u00ed com\u00a0 reequilibraci\u00f3 del s\u00f2l p\u00e8lvic.<\/p>\n\n\n\n<div class=\"wp-block-uagb-advanced-heading uagb-block-53b6dfe4\"><h3 class=\"uagb-heading-text\"><strong>Problemas y seguimiento del embarazo<\/strong><\/h3><\/div>\n\n\n\n<p>Mal d\u2019esquena, ci\u00e0tica, dolor p\u00fabic i\/o inguinal, cremor d&#8217;est\u00f3mac , n\u00e0usees&#8230; Aix\u00ed com preparaci\u00f3 de la pelvis pel moment del part.<\/p>\n\n\n\n<div class=\"wp-block-uagb-advanced-heading uagb-block-4ce7f6dc\"><h3 class=\"uagb-heading-text\"><strong>Trastornos pedi\u00e1tricos:<\/strong><\/h3><\/div>\n\n\n\n<p>Plagiocef\u00e0lia, c\u00f2lics del lactant, regurgitacions, insomni, obstrucci\u00f3 del canal llagrimal, conjuntivitis de repetici\u00f3,\u00a0 bronquitis, torticolis congenita, hiperactivitat, alteracions posturals i motrius, etc.<\/p>\n\n\n\n<div class=\"wp-block-uagb-advanced-heading uagb-block-a1576eb1\"><h3 class=\"uagb-heading-text\"><strong>Trastornos de la esfera craneal:<\/strong><\/h3><\/div>\n\n\n\n<p>Migranyes, vertigen, otitis, problemes d&#8217;oclusi\u00f3\u00a0 temporo mandibular, etc.<\/p>\n\n\n\n<p><\/p>","protected":false},"excerpt":{"rendered":"<p>En qu\u00e8 consisteix l&#8217;Osteopatia? L&#8217; osteopatia \u00e9s una disciplina terapeutica&nbsp; global, natural i segura, que es basa en el contacte manual, tant per al diagnostic com per al tractament.&nbsp; A partir de l\u2019atenta&nbsp; observaci\u00f3 del pacient i de l&#8217;aplicaci\u00f3 de profunds coneixements d\u2019anatomia i biomec\u00e0nica, l\u2019 oste\u00f2pata busca retrobar el correcte funcionament de l\u2019individu, restablint [&hellip;]<\/p>","protected":false},"author":1,"featured_media":834,"parent":0,"menu_order":4,"comment_status":"closed","ping_status":"closed","template":"","meta":{"_uag_custom_page_level_css":"","footnotes":""},"class_list":["post-137","page","type-page","status-publish","has-post-thumbnail","hentry"],"uagb_featured_image_src":{"full":["https:\/\/equilibrat.net\/wp-content\/uploads\/2024\/12\/3d-spine-scaled.jpg",1978,2560,false],"thumbnail":["https:\/\/equilibrat.net\/wp-content\/uploads\/2024\/12\/3d-spine-150x150.jpg",150,150,true],"medium":["https:\/\/equilibrat.net\/wp-content\/uploads\/2024\/12\/3d-spine-232x300.jpg",232,300,true],"medium_large":["https:\/\/equilibrat.net\/wp-content\/uploads\/2024\/12\/3d-spine-768x994.jpg",768,994,true],"large":["https:\/\/equilibrat.net\/wp-content\/uploads\/2024\/12\/3d-spine-791x1024.jpg",791,1024,true],"1536x1536":["https:\/\/equilibrat.net\/wp-content\/uploads\/2024\/12\/3d-spine-1187x1536.jpg",1187,1536,true],"2048x2048":["https:\/\/equilibrat.net\/wp-content\/uploads\/2024\/12\/3d-spine-1582x2048.jpg",1582,2048,true],"trp-custom-language-flag":["https:\/\/equilibrat.net\/wp-content\/uploads\/2024\/12\/3d-spine-scaled.jpg",9,12,false]},"uagb_author_info":{"display_name":"annatorra75@yahoo.es","author_link":"https:\/\/equilibrat.net\/es\/author\/annatorra75yahoo-es\/"},"uagb_comment_info":0,"uagb_excerpt":"En qu\u00e8 consisteix l&#8217;Osteopatia? L&#8217; osteopatia \u00e9s una disciplina terapeutica&nbsp; global, natural i segura, que es basa en el contacte manual, tant per al diagnostic com per al tractament.&nbsp; A partir de l\u2019atenta&nbsp; observaci\u00f3 del pacient i de l&#8217;aplicaci\u00f3 de profunds coneixements d\u2019anatomia i biomec\u00e0nica, l\u2019 oste\u00f2pata busca retrobar el correcte funcionament de l\u2019individu, restablint&hellip;","_links":{"self":[{"href":"https:\/\/equilibrat.net\/es\/wp-json\/wp\/v2\/pages\/137","targetHints":{"allow":["GET"]}}],"collection":[{"href":"https:\/\/equilibrat.net\/es\/wp-json\/wp\/v2\/pages"}],"about":[{"href":"https:\/\/equilibrat.net\/es\/wp-json\/wp\/v2\/types\/page"}],"author":[{"embeddable":true,"href":"https:\/\/equilibrat.net\/es\/wp-json\/wp\/v2\/users\/1"}],"replies":[{"embeddable":true,"href":"https:\/\/equilibrat.net\/es\/wp-json\/wp\/v2\/comments?post=137"}],"version-history":[{"count":14,"href":"https:\/\/equilibrat.net\/es\/wp-json\/wp\/v2\/pages\/137\/revisions"}],"predecessor-version":[{"id":1226,"href":"https:\/\/equilibrat.net\/es\/wp-json\/wp\/v2\/pages\/137\/revisions\/1226"}],"wp:featuredmedia":[{"embeddable":true,"href":"https:\/\/equilibrat.net\/es\/wp-json\/wp\/v2\/media\/834"}],"wp:attachment":[{"href":"https:\/\/equilibrat.net\/es\/wp-json\/wp\/v2\/media?parent=137"}],"curies":[{"name":"wp","href":"https:\/\/api.w.org\/{rel}","templated":true}]}}